{"id":165,"date":"2015-08-18T11:05:09","date_gmt":"2015-08-18T11:05:09","guid":{"rendered":"http:\/\/www.mundocastillo.es\/?page_id=165"},"modified":"2025-02-26T13:36:15","modified_gmt":"2025-02-26T13:36:15","slug":"seguridad-y-normativa","status":"publish","type":"page","link":"https:\/\/www.mundocastillo.es\/?page_id=165","title":{"rendered":"Seguridad y normativa"},"content":{"rendered":"<p>Mundo Castillo est\u00e1 comprometido con la seguridad de todos, tanto grandes como peque\u00f1os, y por ello nuestros castillos cuentan con todos los certificados de homologaci\u00f3n y la normativa Europea UNE: EN 14960\/2019 y anualmente el organismo oficial (Ingeniero) hace una revisi\u00f3n de los castillos para mayor seguridad.<\/p>\n<p>Disponemos tambi\u00e9n de un Seguro de Responsabilidad Civil en regla para la actividad de nuestros castillos hinchables con\u00a0 AXA SEGUROS.<\/p>\n","protected":false},"excerpt":{"rendered":"<p class=\"excerpt\">Mundo Castillo est\u00e1 comprometido con la seguridad de todos, tanto grandes como peque\u00f1os, y por ello nuestros castillos cuentan con todos los certificados de homologaci\u00f3n y la normativa Europea UNE: EN 14960\/2019 y anualmente el organismo oficial (Ingeniero) hace una revisi\u00f3n de los castillos para mayor seguridad. Disponemos tambi\u00e9n de un Seguro de Responsabilidad Civil en regla para la actividad&hellip;<\/p>\n<p class=\"more-link-p\"><a class=\"btn btn-default\" href=\"https:\/\/www.mundocastillo.es\/?page_id=165\">Read more<\/a><\/p>\n","protected":false},"author":1,"featured_media":0,"parent":0,"menu_order":0,"comment_status":"closed","ping_status":"closed","template":"","meta":{"footnotes":""},"class_list":["post-165","page","type-page","status-publish","hentry"],"_links":{"self":[{"href":"https:\/\/www.mundocastillo.es\/index.php?rest_route=\/wp\/v2\/pages\/165","targetHints":{"allow":["GET"]}}],"collection":[{"href":"https:\/\/www.mundocastillo.es\/index.php?rest_route=\/wp\/v2\/pages"}],"about":[{"href":"https:\/\/www.mundocastillo.es\/index.php?rest_route=\/wp\/v2\/types\/page"}],"author":[{"embeddable":true,"href":"https:\/\/www.mundocastillo.es\/index.php?rest_route=\/wp\/v2\/users\/1"}],"replies":[{"embeddable":true,"href":"https:\/\/www.mundocastillo.es\/index.php?rest_route=%2Fwp%2Fv2%2Fcomments&post=165"}],"version-history":[{"count":8,"href":"https:\/\/www.mundocastillo.es\/index.php?rest_route=\/wp\/v2\/pages\/165\/revisions"}],"predecessor-version":[{"id":479,"href":"https:\/\/www.mundocastillo.es\/index.php?rest_route=\/wp\/v2\/pages\/165\/revisions\/479"}],"wp:attachment":[{"href":"https:\/\/www.mundocastillo.es\/index.php?rest_route=%2Fwp%2Fv2%2Fmedia&parent=165"}],"curies":[{"name":"wp","href":"https:\/\/api.w.org\/{rel}","templated":true}]}}