{"id":2,"date":"2015-05-07T05:24:08","date_gmt":"2015-05-07T05:24:08","guid":{"rendered":"http:\/\/localhost\/wordpress\/?page_id=2"},"modified":"2018-03-16T17:35:13","modified_gmt":"2018-03-16T17:35:13","slug":"sample-page","status":"publish","type":"page","link":"https:\/\/www.mundocastillo.es\/","title":{"rendered":"Mundo Castillo"},"content":{"rendered":"<h1 style=\"text-align: center;\"><strong><span style=\"color: #0000ff;\">Mundo Castillo, sonrisas y juegos.<\/span><\/strong><\/h1>\n<p>&nbsp;<\/p>\n<p><strong>Mundo Castillo<\/strong> organiza <strong>Eventos Infantiles<\/strong> mediante el alquiler de <strong>Castillos Hinchables<\/strong> para <strong>cumplea\u00f1os<\/strong>, <strong>bodas<\/strong>, <strong>bautizos<\/strong>, <strong>comuniones<\/strong>, <strong>fiestas<\/strong> y cualquier tipo de evento.<\/p>\n<p>&nbsp;<\/p>\n<p>Mundo Castillo surge desde la ilusi\u00f3n de un <strong>T\u00e9cnico Superior en Educaci\u00f3n Infantil<\/strong> con un t\u00edtulo de <strong>Monitor de Tiempo Libre Infantil y Juvenil<\/strong>, al que le encantan los m\u00e1s peque\u00f1@s y la sonrisa es la recompensa del trabajo realizado. Hacer felices a los m\u00e1s <strong>peque\u00f1@s<\/strong> y que sus fiestas sean divertidas es nuestro objetivo.<\/p>\n<p>&nbsp;<\/p>\n<p><img loading=\"lazy\" decoding=\"async\" class=\"Castillos Hinchables Mundo Castillo aligncenter wp-image-368 size-full\" title=\"Castillos Hinchables Mundo Castillo\" src=\"http:\/\/www.mundocastillo.es\/wp-content\/uploads\/2018\/03\/Imagen1-e1521221455106.png\" alt=\"Castillos Hinchables Mundo Castillo\" width=\"900\" height=\"634\" \/><\/p>\n","protected":false},"excerpt":{"rendered":"<p class=\"excerpt\">Mundo Castillo, sonrisas y juegos. &nbsp; Mundo Castillo organiza Eventos Infantiles mediante el alquiler de Castillos Hinchables para cumplea\u00f1os, bodas, bautizos, comuniones, fiestas y cualquier tipo de evento. &nbsp; Mundo Castillo surge desde la ilusi\u00f3n de un T\u00e9cnico Superior en Educaci\u00f3n Infantil con un t\u00edtulo de Monitor de Tiempo Libre Infantil y Juvenil, al que le encantan los m\u00e1s peque\u00f1@s&hellip;<\/p>\n<p class=\"more-link-p\"><a class=\"btn btn-default\" href=\"https:\/\/www.mundocastillo.es\/\">Read more<\/a><\/p>\n","protected":false},"author":1,"featured_media":0,"parent":0,"menu_order":0,"comment_status":"open","ping_status":"open","template":"","meta":{"footnotes":""},"class_list":["post-2","page","type-page","status-publish","hentry"],"_links":{"self":[{"href":"https:\/\/www.mundocastillo.es\/index.php?rest_route=\/wp\/v2\/pages\/2","targetHints":{"allow":["GET"]}}],"collection":[{"href":"https:\/\/www.mundocastillo.es\/index.php?rest_route=\/wp\/v2\/pages"}],"about":[{"href":"https:\/\/www.mundocastillo.es\/index.php?rest_route=\/wp\/v2\/types\/page"}],"author":[{"embeddable":true,"href":"https:\/\/www.mundocastillo.es\/index.php?rest_route=\/wp\/v2\/users\/1"}],"replies":[{"embeddable":true,"href":"https:\/\/www.mundocastillo.es\/index.php?rest_route=%2Fwp%2Fv2%2Fcomments&post=2"}],"version-history":[{"count":26,"href":"https:\/\/www.mundocastillo.es\/index.php?rest_route=\/wp\/v2\/pages\/2\/revisions"}],"predecessor-version":[{"id":369,"href":"https:\/\/www.mundocastillo.es\/index.php?rest_route=\/wp\/v2\/pages\/2\/revisions\/369"}],"wp:attachment":[{"href":"https:\/\/www.mundocastillo.es\/index.php?rest_route=%2Fwp%2Fv2%2Fmedia&parent=2"}],"curies":[{"name":"wp","href":"https:\/\/api.w.org\/{rel}","templated":true}]}}