{"id":270,"date":"2015-12-19T18:55:48","date_gmt":"2015-12-19T18:55:48","guid":{"rendered":"http:\/\/www.mundocastillo.es\/?page_id=270"},"modified":"2019-10-16T23:09:40","modified_gmt":"2019-10-16T23:09:40","slug":"eventos","status":"publish","type":"page","link":"https:\/\/www.mundocastillo.es\/?page_id=270","title":{"rendered":"Eventos"},"content":{"rendered":"<p style=\"text-align: justify;\"><strong>Mundo Castillo<\/strong> organiza cualquier tipo de\u00a0<strong>eventos Infantiles<\/strong>, donde el alquiler de <strong>Castillos Hinchables<\/strong> es la base de toda celebraci\u00f3n y los <strong>ni\u00f1os son los protagonistas<\/strong>.<\/p>\n<p style=\"text-align: justify;\">Los diferentes eventos en los que Mundo Castillo puede intervenir son:<\/p>\n<ul>\n<li style=\"text-align: justify;\"><strong>Cumplea\u00f1os<\/strong><\/li>\n<li style=\"text-align: justify;\"><strong>Bodas<\/strong><\/li>\n<li style=\"text-align: justify;\"><strong>Bautizos<\/strong><\/li>\n<li style=\"text-align: justify;\"><strong>Comuniones<\/strong><\/li>\n<li><strong>Fallas<\/strong><\/li>\n<li><strong>Ayuntamientos<\/strong><\/li>\n<li style=\"text-align: justify;\"><strong>Fiestas de Pueblos<\/strong><\/li>\n<li><strong>Fiestas de Urbanizaciones<\/strong><\/li>\n<li><strong>Fiestas de Pe\u00f1as<\/strong><\/li>\n<li><strong>Comisiones<\/strong><\/li>\n<li><strong>Asociaciones de vecinos<\/strong><\/li>\n<li style=\"text-align: justify;\"><strong>entre otras<\/strong>.<\/li>\n<\/ul>\n<p>&nbsp;<\/p>\n<p><span style=\"color: #000000;\">EVENTOS MUNDO CASTILLO *FOTOS*<\/span><\/p>\n<p><span style=\"color: #ff00ff;\">EVENTO CON #TAMARA GORRO<\/span><\/p>\n<p><img loading=\"lazy\" decoding=\"async\" class=\"aligncenter size-full wp-image-355\" src=\"http:\/\/www.mundocastillo.es\/wp-content\/uploads\/2015\/12\/21078797_1424128224370624_7539147656326243735_n.jpg\" alt=\"\" width=\"960\" height=\"960\" srcset=\"https:\/\/www.mundocastillo.es\/wp-content\/uploads\/2015\/12\/21078797_1424128224370624_7539147656326243735_n.jpg 960w, https:\/\/www.mundocastillo.es\/wp-content\/uploads\/2015\/12\/21078797_1424128224370624_7539147656326243735_n-150x150.jpg 150w, https:\/\/www.mundocastillo.es\/wp-content\/uploads\/2015\/12\/21078797_1424128224370624_7539147656326243735_n-300x300.jpg 300w, https:\/\/www.mundocastillo.es\/wp-content\/uploads\/2015\/12\/21078797_1424128224370624_7539147656326243735_n-768x768.jpg 768w\" sizes=\"auto, (max-width: 960px) 100vw, 960px\" \/><\/p>\n<p>&nbsp;<\/p>\n<p><strong><img loading=\"lazy\" decoding=\"async\" class=\"aligncenter size-full wp-image-386\" src=\"http:\/\/www.mundocastillo.es\/wp-content\/uploads\/2019\/10\/IMG-20180528-WA0020.jpg\" alt=\"\" width=\"1200\" height=\"1600\" srcset=\"https:\/\/www.mundocastillo.es\/wp-content\/uploads\/2019\/10\/IMG-20180528-WA0020.jpg 1200w, https:\/\/www.mundocastillo.es\/wp-content\/uploads\/2019\/10\/IMG-20180528-WA0020-225x300.jpg 225w, https:\/\/www.mundocastillo.es\/wp-content\/uploads\/2019\/10\/IMG-20180528-WA0020-768x1024.jpg 768w\" sizes=\"auto, (max-width: 1200px) 100vw, 1200px\" \/><\/strong><\/p>\n<p>&nbsp;<\/p>\n<p><strong><img loading=\"lazy\" decoding=\"async\" class=\"aligncenter size-full wp-image-387\" src=\"http:\/\/www.mundocastillo.es\/wp-content\/uploads\/2019\/10\/IMG-20180528-WA0021.jpg\" alt=\"\" width=\"1600\" height=\"1200\" srcset=\"https:\/\/www.mundocastillo.es\/wp-content\/uploads\/2019\/10\/IMG-20180528-WA0021.jpg 1600w, https:\/\/www.mundocastillo.es\/wp-content\/uploads\/2019\/10\/IMG-20180528-WA0021-300x225.jpg 300w, https:\/\/www.mundocastillo.es\/wp-content\/uploads\/2019\/10\/IMG-20180528-WA0021-768x576.jpg 768w, https:\/\/www.mundocastillo.es\/wp-content\/uploads\/2019\/10\/IMG-20180528-WA0021-1024x768.jpg 1024w\" sizes=\"auto, (max-width: 1600px) 100vw, 1600px\" \/><\/strong><\/p>\n<p>&nbsp;<\/p>\n<p><span style=\"color: #00ccff;\">EVENTO CON \u00a0EL VILLAREAL CF<\/span><\/p>\n<p>&nbsp;<\/p>\n<p><img loading=\"lazy\" decoding=\"async\" class=\"aligncenter size-full wp-image-356\" src=\"http:\/\/www.mundocastillo.es\/wp-content\/uploads\/2015\/12\/IMG_20160610_195904.jpg\" alt=\"\" width=\"4160\" height=\"3120\" srcset=\"https:\/\/www.mundocastillo.es\/wp-content\/uploads\/2015\/12\/IMG_20160610_195904.jpg 4160w, https:\/\/www.mundocastillo.es\/wp-content\/uploads\/2015\/12\/IMG_20160610_195904-300x225.jpg 300w, https:\/\/www.mundocastillo.es\/wp-content\/uploads\/2015\/12\/IMG_20160610_195904-768x576.jpg 768w, https:\/\/www.mundocastillo.es\/wp-content\/uploads\/2015\/12\/IMG_20160610_195904-1024x768.jpg 1024w\" sizes=\"auto, (max-width: 4160px) 100vw, 4160px\" \/><\/p>\n<p>&nbsp;<\/p>\n<p style=\"text-align: justify;\">Cons\u00faltenos y nos adaptamos a sus necesidades y evento.<\/p>\n<p style=\"text-align: justify;\">Mundo Castillo surge desde la ilusi\u00f3n de un <strong>T\u00e9cnico Superior en Educaci\u00f3n Infantil<\/strong> con un t\u00edtulo de <strong>Monitor de Tiempo Libre Infantil y Juvenil<\/strong>, al que le encantan los m\u00e1s peque\u00f1@s.<\/p>\n<p style=\"text-align: justify;\">Todo esto puede ir acompa\u00f1ado de:<\/p>\n<p style=\"text-align: justify;\"><strong>Monitor@s con titulaci\u00f3n acad\u00e9mica<\/strong><\/p>\n<p style=\"text-align: justify;\"><strong> Monitores de Tiempo Libre Infantil y Juvenil <\/strong><\/p>\n<p style=\"text-align: justify;\">para que realicen:<\/p>\n<ul>\n<li style=\"text-align: justify;\"><strong>Juegos<\/strong><\/li>\n<li style=\"text-align: justify;\"><strong>Pintacaras<br \/>\n<\/strong><\/li>\n<li style=\"text-align: justify;\"><strong>Globoflexia<\/strong><\/li>\n<\/ul>\n<p style=\"text-align: justify;\">La estrella para sus celebraciones y punto \u00e1lgido del evento es, redoble de tambor:<\/p>\n<h1 style=\"text-align: center;\"><strong>Mickey Mouse<\/strong><\/h1>\n<p style=\"text-align: justify;\"><img loading=\"lazy\" decoding=\"async\" class=\"Mundo Castillo y Mickey aligncenter wp-image-275 size-full\" title=\"Mundo Castillo y Mickey\" src=\"http:\/\/www.mundocastillo.es\/wp-content\/uploads\/2015\/12\/Mickey-e1450551742538.png\" alt=\"Mundo Castillo y Mickey\" width=\"100\" height=\"248\" \/><\/p>\n<p style=\"text-align: justify;\">que entregar\u00e1 la tarta y posar\u00e1 con todos los peque\u00f1os y no tan peque\u00f1os para realizar unas bonitas fotos y tener un agradable recuerdo de la fiesta.<\/p>\n<p style=\"text-align: justify;\">Nuestros eventos y servicios se extienden a:<\/p>\n<ul>\n<li style=\"text-align: justify;\"><strong>Valencia<\/strong><\/li>\n<li style=\"text-align: justify;\"><strong>Castell\u00f3n<\/strong><\/li>\n<\/ul>\n<p style=\"text-align: justify;\">Y posibilidad de otras provincias bajo consulta.<\/p>\n<p style=\"text-align: justify;\">A que espera para regalar sonrisas a sus hijos. Ll\u00e1menos, os\u00a0esperamos!!!<\/p>\n","protected":false},"excerpt":{"rendered":"<p class=\"excerpt\">Mundo Castillo organiza cualquier tipo de\u00a0eventos Infantiles, donde el alquiler de Castillos Hinchables es la base de toda celebraci\u00f3n y los ni\u00f1os son los protagonistas. Los diferentes eventos en los que Mundo Castillo puede intervenir son: Cumplea\u00f1os Bodas Bautizos Comuniones Fallas Ayuntamientos Fiestas de Pueblos Fiestas de Urbanizaciones Fiestas de Pe\u00f1as Comisiones Asociaciones de vecinos entre otras. &nbsp; EVENTOS MUNDO&hellip;<\/p>\n<p class=\"more-link-p\"><a class=\"btn btn-default\" href=\"https:\/\/www.mundocastillo.es\/?page_id=270\">Read more<\/a><\/p>\n","protected":false},"author":1,"featured_media":310,"parent":0,"menu_order":0,"comment_status":"closed","ping_status":"closed","template":"","meta":{"footnotes":""},"class_list":["post-270","page","type-page","status-publish","has-post-thumbnail","hentry"],"_links":{"self":[{"href":"https:\/\/www.mundocastillo.es\/index.php?rest_route=\/wp\/v2\/pages\/270","targetHints":{"allow":["GET"]}}],"collection":[{"href":"https:\/\/www.mundocastillo.es\/index.php?rest_route=\/wp\/v2\/pages"}],"about":[{"href":"https:\/\/www.mundocastillo.es\/index.php?rest_route=\/wp\/v2\/types\/page"}],"author":[{"embeddable":true,"href":"https:\/\/www.mundocastillo.es\/index.php?rest_route=\/wp\/v2\/users\/1"}],"replies":[{"embeddable":true,"href":"https:\/\/www.mundocastillo.es\/index.php?rest_route=%2Fwp%2Fv2%2Fcomments&post=270"}],"version-history":[{"count":10,"href":"https:\/\/www.mundocastillo.es\/index.php?rest_route=\/wp\/v2\/pages\/270\/revisions"}],"predecessor-version":[{"id":451,"href":"https:\/\/www.mundocastillo.es\/index.php?rest_route=\/wp\/v2\/pages\/270\/revisions\/451"}],"wp:featuredmedia":[{"embeddable":true,"href":"https:\/\/www.mundocastillo.es\/index.php?rest_route=\/wp\/v2\/media\/310"}],"wp:attachment":[{"href":"https:\/\/www.mundocastillo.es\/index.php?rest_route=%2Fwp%2Fv2%2Fmedia&parent=270"}],"curies":[{"name":"wp","href":"https:\/\/api.w.org\/{rel}","templated":true}]}}